{"id":4,"date":"2017-03-03T21:05:24","date_gmt":"2017-03-03T20:05:24","guid":{"rendered":"http:\/\/flamandrose.be\/?page_id=4"},"modified":"2021-02-25T14:24:05","modified_gmt":"2021-02-25T13:24:05","slug":"atelier-flamand-rose","status":"publish","type":"page","link":"https:\/\/flamandrose.be\/index.php\/atelier-flamand-rose\/","title":{"rendered":"Atelier Flamand Rose"},"content":{"rendered":"<p>\u00a0<\/p>\n<p lang=\"fr-FR\"><span style=\"font-family: 'Courier New', monospace;\"><span style=\"font-size: medium;\">L&#8217; Atelier Flamand Rose et ses habitants: deux dr\u00f4les d&#8217;oiseaux. Deux oiseaux \u00e9tranges, jadis des oiseaux migrateurs. Ils exploraient le monde \u00e0 pied, \u2026 sur leurs deux jambes! Leur cr\u00e9ativit\u00e9 leur donnait des ailes. <\/span><\/span><\/p>\n<p lang=\"fr-FR\"><span style=\"font-family: 'Courier New', monospace;\"><span style=\"font-size: medium;\">C&#8217;est en Ardenne, \u00e0 un pas de la Gaume, que finalement ils atterrissaient pour s&#8217;y installer. <\/span><\/span><\/p>\n<p lang=\"fr-FR\"><span style=\"font-family: 'Courier New', monospace;\"><span style=\"font-size: medium;\">Derri\u00e8re une fa\u00e7ade rose aux volets bleus, se cachent aujourd&#8217;hui des personnages en argile, des cr\u00e9ations en textile \u00e9clatantes de couleurs, un monde d\u00e9coratif autant que fantastique, une galerie de photos de partout dans le monde. <\/span><\/span><\/p>\n<p lang=\"fr-FR\"><span style=\"font-family: 'Courier New', monospace;\"><span style=\"font-size: medium;\">Le blog \u201cFlamand Rose\u201d illustre ce monde int\u00e9rieur tout comme la vie ext\u00e9rieure: un jardin en toute simplicit\u00e9, des fleurs sauvages, la beaut\u00e9 des saisons. Finalement Il y a aussi les villages et les r\u00e9gions avoisinantes, les paysages et les habitants, et \u2026 la migration annuelle des grues cendr\u00e9es passant juste au dessus de l&#8217;Atelier.<\/span><\/span><\/p>\n\n\t\t<style type=\"text\/css\">\n\t\t\t#gallery-1 {\n\t\t\t\tmargin: auto;\n\t\t\t}\n\t\t\t#gallery-1 .gallery-item {\n\t\t\t\tfloat: left;\n\t\t\t\tmargin-top: 10px;\n\t\t\t\ttext-align: center;\n\t\t\t\twidth: 33%;\n\t\t\t}\n\t\t\t#gallery-1 img {\n\t\t\t\tborder: 2px solid #cfcfcf;\n\t\t\t}\n\t\t\t#gallery-1 .gallery-caption {\n\t\t\t\tmargin-left: 0;\n\t\t\t}\n\t\t\t\/* see gallery_shortcode() in wp-includes\/media.php *\/\n\t\t<\/style>\n\t\t<div id='gallery-1' class='gallery galleryid-4 gallery-columns-3 gallery-size-medium'><dl class='gallery-item'>\n\t\t\t<dt class='gallery-icon portrait'>\n\t\t\t\t<a href='https:\/\/flamandrose.be\/index.php\/atelier-flamand-rose\/img_7641-kopie\/'><img loading=\"lazy\" decoding=\"async\" width=\"234\" height=\"300\" src=\"https:\/\/flamandrose.be\/wp-content\/uploads\/2017\/03\/IMG_7641-kopie-234x300.jpg\" class=\"attachment-medium size-medium\" alt=\"\" srcset=\"https:\/\/flamandrose.be\/wp-content\/uploads\/2017\/03\/IMG_7641-kopie-234x300.jpg 234w, https:\/\/flamandrose.be\/wp-content\/uploads\/2017\/03\/IMG_7641-kopie-768x983.jpg 768w, https:\/\/flamandrose.be\/wp-content\/uploads\/2017\/03\/IMG_7641-kopie-800x1024.jpg 800w, https:\/\/flamandrose.be\/wp-content\/uploads\/2017\/03\/IMG_7641-kopie-220x282.jpg 220w, https:\/\/flamandrose.be\/wp-content\/uploads\/2017\/03\/IMG_7641-kopie.jpg 900w\" sizes=\"auto, (max-width: 234px) 100vw, 234px\" \/><\/a>\n\t\t\t<\/dt><\/dl><dl class='gallery-item'>\n\t\t\t<dt class='gallery-icon portrait'>\n\t\t\t\t<a href='https:\/\/flamandrose.be\/index.php\/atelier-flamand-rose\/img_7610\/'><img loading=\"lazy\" decoding=\"async\" width=\"200\" height=\"300\" src=\"https:\/\/flamandrose.be\/wp-content\/uploads\/2017\/03\/IMG_7610-e1490992995151-200x300.jpg\" class=\"attachment-medium size-medium\" alt=\"\" aria-describedby=\"gallery-1-466\" srcset=\"https:\/\/flamandrose.be\/wp-content\/uploads\/2017\/03\/IMG_7610-e1490992995151-200x300.jpg 200w, https:\/\/flamandrose.be\/wp-content\/uploads\/2017\/03\/IMG_7610-e1490992995151-768x1152.jpg 768w, https:\/\/flamandrose.be\/wp-content\/uploads\/2017\/03\/IMG_7610-e1490992995151-683x1024.jpg 683w, https:\/\/flamandrose.be\/wp-content\/uploads\/2017\/03\/IMG_7610-e1490992995151-220x330.jpg 220w, https:\/\/flamandrose.be\/wp-content\/uploads\/2017\/03\/IMG_7610-e1490992995151.jpg 1152w\" sizes=\"auto, (max-width: 200px) 100vw, 200px\" \/><\/a>\n\t\t\t<\/dt>\n\t\t\t\t<dd class='wp-caption-text gallery-caption' id='gallery-1-466'>\n\t\t\t\tJuul, notre mascotte\n\t\t\t\t<\/dd><\/dl><dl class='gallery-item'>\n\t\t\t<dt class='gallery-icon portrait'>\n\t\t\t\t<a href='https:\/\/flamandrose.be\/index.php\/atelier-flamand-rose\/img_7664-kopie\/'><img loading=\"lazy\" decoding=\"async\" width=\"241\" height=\"300\" src=\"https:\/\/flamandrose.be\/wp-content\/uploads\/2017\/03\/IMG_7664-kopie-241x300.jpg\" class=\"attachment-medium size-medium\" alt=\"\" srcset=\"https:\/\/flamandrose.be\/wp-content\/uploads\/2017\/03\/IMG_7664-kopie-241x300.jpg 241w, https:\/\/flamandrose.be\/wp-content\/uploads\/2017\/03\/IMG_7664-kopie-768x954.jpg 768w, https:\/\/flamandrose.be\/wp-content\/uploads\/2017\/03\/IMG_7664-kopie-824x1024.jpg 824w, https:\/\/flamandrose.be\/wp-content\/uploads\/2017\/03\/IMG_7664-kopie-220x273.jpg 220w, https:\/\/flamandrose.be\/wp-content\/uploads\/2017\/03\/IMG_7664-kopie.jpg 927w\" sizes=\"auto, (max-width: 241px) 100vw, 241px\" \/><\/a>\n\t\t\t<\/dt><\/dl><br style=\"clear: both\" \/>\n\t\t<\/div>\n\n<p lang=\"fr-FR\">Atelier Flamand Rose en zijn bewoners. Rare vogels. Vreemde vogels. Ooit trekvogels. Op twee benen verkenden ze de halve wereld. Creativiteit gaf ze vleugels. In de Ardennen, op een boogscheut van de Gaume, kwamen ze met de voeten op de grond.<\/p>\n<p>Deze blog gaat over &#8216;la vie en (Flamand) Rose&#8217;, over klei en sculptuur, over textiel en kleur, decoratie en fantasie, fotografie en illustratie. Het gaat eveneens over een dorp en een streek, over natuur en landschap, over verhalen van mensen. Atelier Flamand Rose is een moza\u00efek van artistieke ingevingen en creaties, te midden van de eenvoud van een tuin, de schoonheid van de seizoenen, de jaarlijkse trek van de kraanvogels pal boven &#8216;Atelier Flamand Rose&#8217;.<\/p>\n\n\n<figure class=\"wp-block-gallery columns-2 is-cropped wp-block-gallery-1 is-layout-flex wp-block-gallery-is-layout-flex\"><ul class=\"blocks-gallery-grid\"><li class=\"blocks-gallery-item\"><figure><img loading=\"lazy\" decoding=\"async\" width=\"1024\" height=\"683\" src=\"https:\/\/flamandrose.be\/wp-content\/uploads\/2021\/02\/IMG_9051-1024x683.jpg\" alt=\"\" data-id=\"1879\" data-full-url=\"https:\/\/flamandrose.be\/wp-content\/uploads\/2021\/02\/IMG_9051-e1614259321653.jpg\" data-link=\"https:\/\/flamandrose.be\/img_9051\/\" class=\"wp-image-1879\"\/><\/figure><\/li><li class=\"blocks-gallery-item\"><figure><img loading=\"lazy\" decoding=\"async\" width=\"1024\" height=\"683\" src=\"https:\/\/flamandrose.be\/wp-content\/uploads\/2021\/02\/IMG_9063-1024x683.jpg\" alt=\"\" data-id=\"1880\" data-full-url=\"https:\/\/flamandrose.be\/wp-content\/uploads\/2021\/02\/IMG_9063-e1614259346299.jpg\" data-link=\"https:\/\/flamandrose.be\/img_9063\/\" class=\"wp-image-1880\"\/><\/figure><\/li><\/ul><\/figure>\n","protected":false},"excerpt":{"rendered":"<p>\u00a0 L&#8217; Atelier Flamand Rose et ses habitants: deux dr\u00f4les d&#8217;oiseaux. Deux oiseaux \u00e9tranges, jadis des oiseaux migrateurs. Ils exploraient le monde \u00e0 pied, \u2026 sur leurs deux jambes! Leur cr\u00e9ativit\u00e9 leur donnait des ailes. C&#8217;est en Ardenne, \u00e0 un<span class=\"ellipsis\">&hellip;<\/span> <span class=\"read-more\"><a href=\"https:\/\/flamandrose.be\/index.php\/atelier-flamand-rose\/\">Read more &#8250;<\/a><\/span><\/p>\n","protected":false},"author":1,"featured_media":465,"parent":0,"menu_order":0,"comment_status":"closed","ping_status":"closed","template":"","meta":{"footnotes":""},"class_list":["post-4","page","type-page","status-publish","has-post-thumbnail","hentry"],"_links":{"self":[{"href":"https:\/\/flamandrose.be\/index.php\/wp-json\/wp\/v2\/pages\/4","targetHints":{"allow":["GET"]}}],"collection":[{"href":"https:\/\/flamandrose.be\/index.php\/wp-json\/wp\/v2\/pages"}],"about":[{"href":"https:\/\/flamandrose.be\/index.php\/wp-json\/wp\/v2\/types\/page"}],"author":[{"embeddable":true,"href":"https:\/\/flamandrose.be\/index.php\/wp-json\/wp\/v2\/users\/1"}],"replies":[{"embeddable":true,"href":"https:\/\/flamandrose.be\/index.php\/wp-json\/wp\/v2\/comments?post=4"}],"version-history":[{"count":9,"href":"https:\/\/flamandrose.be\/index.php\/wp-json\/wp\/v2\/pages\/4\/revisions"}],"predecessor-version":[{"id":1881,"href":"https:\/\/flamandrose.be\/index.php\/wp-json\/wp\/v2\/pages\/4\/revisions\/1881"}],"wp:featuredmedia":[{"embeddable":true,"href":"https:\/\/flamandrose.be\/index.php\/wp-json\/wp\/v2\/media\/465"}],"wp:attachment":[{"href":"https:\/\/flamandrose.be\/index.php\/wp-json\/wp\/v2\/media?parent=4"}],"curies":[{"name":"wp","href":"https:\/\/api.w.org\/{rel}","templated":true}]}}